{"id":93,"date":"2025-09-18T21:54:51","date_gmt":"2025-09-18T19:54:51","guid":{"rendered":"https:\/\/schowek.com.pl\/?page_id=93"},"modified":"2025-11-19T21:37:48","modified_gmt":"2025-11-19T20:37:48","slug":"faq","status":"publish","type":"page","link":"https:\/\/schowek.com.pl\/index.php\/faq\/","title":{"rendered":"FAQ"},"content":{"rendered":"\n<div class=\"wp-block-group faq-section wow fadeInUp is-content-justification-center is-layout-constrained wp-container-core-group-is-layout-e92251e4 wp-block-group-is-layout-constrained\" style=\"padding-top:var(--wp--preset--spacing--50);padding-bottom:var(--wp--preset--spacing--70)\">\n<p class=\"has-text-align-center faq-small-title has-background-color has-vivid-red-background-color has-text-color has-background has-link-color has-roboto-font-family has-medium-font-size wp-elements-ba3b6bb8e88cfd094e2b793f00f8a2bf\" style=\"border-radius:4px;margin-bottom:var(--wp--preset--spacing--20);padding-top:4px;padding-right:var(--wp--preset--spacing--50);padding-bottom:4px;padding-left:var(--wp--preset--spacing--50);font-style:normal;font-weight:500;text-transform:capitalize\">FAQ&#8217;s<\/p>\n\n\n\n<h4 class=\"wp-block-heading has-text-align-center has-raleway-font-family\" style=\"margin-top:var(--wp--preset--spacing--30);margin-bottom:var(--wp--preset--spacing--60);font-size:24px;font-style:thin;font-weight:700;text-transform:capitalize\">Najcz\u0119stsze pytania<\/h4>\n\n\n\n<div class=\"wp-block-columns faq-detail-section is-layout-flex wp-container-core-columns-is-layout-28f84493 wp-block-columns-is-layout-flex\">\n<div class=\"wp-block-column is-layout-flow wp-block-column-is-layout-flow\" style=\"flex-basis:100%\">\n<details class=\"wp-block-details faq-btm-title has-roboto-font-family wp-container-content-9cfa9a5a is-layout-flow wp-block-details-is-layout-flow\" style=\"margin-top:var(--wp--preset--spacing--40);font-size:18px;font-style:normal;font-weight:500\"><summary>Co to jest Self Storage?<\/summary>\n<p class=\"faq-btm-content has-roboto-font-family\" style=\"margin-top:var(--wp--preset--spacing--30);font-size:14px;font-style:normal;font-weight:400\">Self Storage &#8211; elastyczne, dostosowane do Twoich potrzeb przestrzenie przeznaczone na przechowywanie r\u00f3\u017cnych rzeczy, oferuj\u0105ce nieograniczone mo\u017cliwo\u015bci wykorzystania.<\/p>\n<\/details>\n\n\n\n<details class=\"wp-block-details faq-btm-title has-roboto-font-family wp-container-content-9cfa9a5a is-layout-flow wp-container-core-details-is-layout-3c6484fe wp-block-details-is-layout-flow\" style=\"margin-top:var(--wp--preset--spacing--40);font-size:18px;font-style:normal;font-weight:500\"><summary>Jaki jest minimalny okres wynajmu?<\/summary>\n<p class=\"faq-btm-content has-roboto-font-family\" style=\"margin-top:var(--wp--preset--spacing--30);font-size:14px;font-style:normal;font-weight:400\">Minimalny okres wynajmu to 1 miesi\u0105c.<\/p>\n\n\n\n<p class=\"faq-btm-content has-roboto-font-family\" style=\"margin-top:var(--wp--preset--spacing--30);font-size:14px;font-style:normal;font-weight:400\">Dla wygody Klienta umowa zawierana jest na czas nieokre\u015blony. W zwi\u0105zku z tym nie ma konieczno\u015bci jej przed\u0142u\u017cania. Okres wypowiedzenia wynosi 1 miesi\u0105c. Wypowiedzenie mo\u017cna z\u0142o\u017cy\u0107 osobi\u015bcie lub przes\u0142a\u0107 na adres mailowy oddzia\u0142u.<\/p>\n<\/details>\n\n\n\n<details class=\"wp-block-details faq-btm-title has-roboto-font-family wp-container-content-9cfa9a5a is-layout-flow wp-block-details-is-layout-flow\" style=\"margin-top:var(--wp--preset--spacing--40);font-size:18px;font-style:normal;font-weight:500\"><summary>Jak zabezpieczone s\u0105 schowki?<\/summary>\n<p class=\"faq-btm-content has-roboto-font-family\" style=\"margin-top:var(--wp--preset--spacing--30);font-size:14px;font-style:normal;font-weight:400\"><strong>Nasze schowki chronione s\u0105 m.in. przez:  <\/strong><\/p>\n\n\n\n<ul class=\"wp-block-list\">\n<li style=\"font-size:14px;font-style:normal;font-weight:400\">Bram\u0119 z kontrol\u0105 dost\u0119pu \u2013 klient wje\u017cd\u017ca na teren po wpisaniu indywidualnego kodu PIN.<\/li>\n\n\n\n<li style=\"font-size:14px\">Monitoring 24\/7 \u2013 ca\u0142y teren jest ogrodzony oraz monitorowany nowoczesnym sprz\u0119tem przez ca\u0142y rok.<\/li>\n\n\n\n<li style=\"font-size:14px\">K\u0142\u00f3dk\u0119, kt\u00f3r\u0105 ka\u017cdy Klient zak\u0142ada na swojej kom\u00f3rce.<\/li>\n<\/ul>\n<\/details>\n\n\n\n<details class=\"wp-block-details faq-btm-title has-roboto-font-family wp-container-content-9cfa9a5a is-layout-flow wp-block-details-is-layout-flow\" style=\"margin-top:var(--wp--preset--spacing--40);font-size:18px;font-style:normal;font-weight:500\"><summary>Co dzieje si\u0119 z zawarto\u015bci\u0105 nieop\u0142acanych magazyn\u00f3w?<\/summary>\n<p class=\"faq-btm-content has-roboto-font-family\" style=\"margin-top:var(--wp--preset--spacing--30);font-size:14px;font-style:normal;font-weight:400\">W przypadku, gdy najemca zaprzesta\u0142 p\u0142atno\u015bci i nie opr\u00f3\u017cnia magazynu mo\u017ce doj\u015b\u0107 do procedury usuni\u0119cia przedmiot\u00f3w. Zawarto\u015b\u0107 nieop\u0142acanych magazyn\u00f3w, po zako\u0144czeniu procedury windykacyjnej, jest utylizowana. Szczeg\u00f3\u0142y mo\u017cna s\u0105 opisane w naszym regulaminie.<\/p>\n<\/details>\n<\/div>\n\n\n\n<div class=\"wp-block-column is-layout-flow wp-block-column-is-layout-flow\" style=\"flex-basis:100%\">\n<details class=\"wp-block-details faq-btm-title has-roboto-font-family wp-container-content-9cfa9a5a is-layout-flow wp-block-details-is-layout-flow\" style=\"margin-top:var(--wp--preset--spacing--40);font-size:18px;font-style:normal;font-weight:500\"><summary>Jakie schowki s\u0105 dost\u0119pne?<\/summary>\n<p class=\"faq-btm-content has-roboto-font-family\" style=\"margin-top:var(--wp--preset--spacing--30);font-size:14px;font-style:normal;font-weight:400\">W naszej ofercie znajdziesz kom\u00f3rki o powierzchni 2, 6, 9 i 12 m\u00b2. Szczeg\u00f3\u0142ow\u0105 ofert\u0119 i dost\u0119pno\u015b\u0107 mo\u017cesz sprawdzi\u0107 tutaj: <a href=\"https:\/\/schowek.com.pl\/index.php\/sklep\/\" data-type=\"page\" data-id=\"31\">WYNAJMIJ<\/a><\/p>\n<\/details>\n\n\n\n<details class=\"wp-block-details faq-btm-title has-roboto-font-family wp-container-content-9cfa9a5a is-layout-flow wp-block-details-is-layout-flow\" style=\"margin-top:var(--wp--preset--spacing--40);font-size:18px;font-style:normal;font-weight:500\"><summary>Jakie s\u0105 sposoby p\u0142atno\u015bci za schowki?<\/summary>\n<p class=\"faq-btm-content has-roboto-font-family\" style=\"margin-top:var(--wp--preset--spacing--30);font-size:14px;font-style:normal;font-weight:400\">P\u0142atno\u015bci mo\u017cna dokonywa\u0107 szybkim przelewem online, BLIKiem lub kartami p\u0142atniczymi online poprzez system p\u0142atno\u015bci Przelewy24.<\/p>\n\n\n\n<p class=\"faq-btm-content has-roboto-font-family\" style=\"margin-top:var(--wp--preset--spacing--30);font-size:14px;font-style:normal;font-weight:400\">Dodatkowo mo\u017cliwa jest p\u0142atno\u015b\u0107 przelewem zwyk\u0142ym lub got\u00f3wk\u0105\/kart\u0105 w siedzibie firmy.<\/p>\n<\/details>\n\n\n\n<details class=\"wp-block-details faq-btm-title has-roboto-font-family wp-container-content-9cfa9a5a is-layout-flow wp-block-details-is-layout-flow\" style=\"margin-top:var(--wp--preset--spacing--40);font-size:18px;font-style:normal;font-weight:500\"><summary>Czy sk\u0142adowane przedmioty obj\u0119te s\u0105 ubezpieczeniem od kradzie\u017cy lub zniszczenia?<\/summary>\n<p class=\"faq-btm-content has-roboto-font-family\" style=\"margin-top:var(--wp--preset--spacing--30);font-size:14px;font-style:normal;font-weight:400\">Nasze magazyny posiadaj\u0105 ubezpieczenie OC. W celu ubezpieczenia przedmiot\u00f3w sk\u0142adowanych przez Klient\u00f3w sugerujemy wykupienie osobnej polisy ubezpieczeniowej.<\/p>\n<\/details>\n\n\n\n<details class=\"wp-block-details faq-btm-title has-roboto-font-family wp-container-content-9cfa9a5a is-layout-flow wp-block-details-is-layout-flow\" style=\"margin-top:var(--wp--preset--spacing--40);font-size:18px;font-style:normal;font-weight:500\"><summary>Czego nie wolno przechowywa\u0107?<\/summary>\n<p class=\"faq-btm-content has-roboto-font-family\" style=\"margin-top:var(--wp--preset--spacing--30);font-size:14px;font-style:normal;font-weight:400\">Nie wolno przechowywa\u0107 \u017cywych organizm\u00f3w, produkt\u00f3w szybko psuj\u0105cych si\u0119, \u0142atwopalnych oraz przedmiot\u00f3w, kt\u00f3rych posiadanie jest niezgodne z prawem i stwarza zagro\u017cenie dla otoczenia.<\/p>\n<\/details>\n<\/div>\n<\/div>\n<\/div>\n\n\n\n<p><\/p>\n","protected":false},"excerpt":{"rendered":"<p>FAQ&#8217;s Najcz\u0119stsze pytania<\/p>\n","protected":false},"author":1,"featured_media":0,"parent":0,"menu_order":0,"comment_status":"closed","ping_status":"closed","template":"","meta":{"_regular_price":[],"currency_symbol":[],"footnotes":""},"class_list":["post-93","page","type-page","status-publish","hentry"],"post_slider_layout_featured_media_urls":{"thumbnail":"","post_slider_layout_landscape_large":"","post_slider_layout_portrait_large":"","post_slider_layout_square_large":"","post_slider_layout_landscape":"","post_slider_layout_portrait":"","post_slider_layout_square":"","full":""},"yoast_head":"<!-- This site is optimized with the Yoast SEO plugin v27.1.1 - https:\/\/yoast.com\/product\/yoast-seo-wordpress\/ -->\n<title>FAQ - www.schowek.com.pl<\/title>\n<meta name=\"description\" content=\"Wynajmij miejsce do przechowywania. Powierzchnie magazynowe w \u0141odzi od 2 do 12 metr\u00f3w kwadratowych. Kontenery, magazyny, schowki. \u0141\u00f3d\u017a\" \/>\n<meta name=\"robots\" content=\"index, follow, max-snippet:-1, max-image-preview:large, max-video-preview:-1\" \/>\n<link rel=\"canonical\" href=\"https:\/\/schowek.com.pl\/index.php\/faq\/\" \/>\n<meta property=\"og:locale\" content=\"pl_PL\" \/>\n<meta property=\"og:type\" content=\"article\" \/>\n<meta property=\"og:title\" content=\"FAQ - www.schowek.com.pl\" \/>\n<meta property=\"og:description\" content=\"Wynajmij miejsce do przechowywania. Powierzchnie magazynowe w \u0141odzi od 2 do 12 metr\u00f3w kwadratowych. Kontenery, magazyny, schowki. \u0141\u00f3d\u017a\" \/>\n<meta property=\"og:url\" content=\"https:\/\/schowek.com.pl\/index.php\/faq\/\" \/>\n<meta property=\"og:site_name\" content=\"www.schowek.com.pl\" \/>\n<meta property=\"article:modified_time\" content=\"2025-11-19T20:37:48+00:00\" \/>\n<meta name=\"twitter:card\" content=\"summary_large_image\" \/>\n<meta name=\"twitter:label1\" content=\"Szacowany czas czytania\" \/>\n\t<meta name=\"twitter:data1\" content=\"2 minuty\" \/>\n<script type=\"application\/ld+json\" class=\"yoast-schema-graph\">{\"@context\":\"https:\/\/schema.org\",\"@graph\":[{\"@type\":\"WebPage\",\"@id\":\"https:\/\/schowek.com.pl\/index.php\/faq\/\",\"url\":\"https:\/\/schowek.com.pl\/index.php\/faq\/\",\"name\":\"FAQ - www.schowek.com.pl\",\"isPartOf\":{\"@id\":\"https:\/\/schowek.com.pl\/#website\"},\"datePublished\":\"2025-09-18T19:54:51+00:00\",\"dateModified\":\"2025-11-19T20:37:48+00:00\",\"description\":\"Wynajmij miejsce do przechowywania. Powierzchnie magazynowe w \u0141odzi od 2 do 12 metr\u00f3w kwadratowych. Kontenery, magazyny, schowki. \u0141\u00f3d\u017a\",\"breadcrumb\":{\"@id\":\"https:\/\/schowek.com.pl\/index.php\/faq\/#breadcrumb\"},\"inLanguage\":\"pl-PL\",\"potentialAction\":[{\"@type\":\"ReadAction\",\"target\":[\"https:\/\/schowek.com.pl\/index.php\/faq\/\"]}]},{\"@type\":\"BreadcrumbList\",\"@id\":\"https:\/\/schowek.com.pl\/index.php\/faq\/#breadcrumb\",\"itemListElement\":[{\"@type\":\"ListItem\",\"position\":1,\"name\":\"Strona g\u0142\u00f3wna\",\"item\":\"https:\/\/schowek.com.pl\/\"},{\"@type\":\"ListItem\",\"position\":2,\"name\":\"FAQ\"}]},{\"@type\":\"WebSite\",\"@id\":\"https:\/\/schowek.com.pl\/#website\",\"url\":\"https:\/\/schowek.com.pl\/\",\"name\":\"www.schowek.com.pl\",\"description\":\"\",\"publisher\":{\"@id\":\"https:\/\/schowek.com.pl\/#organization\"},\"potentialAction\":[{\"@type\":\"SearchAction\",\"target\":{\"@type\":\"EntryPoint\",\"urlTemplate\":\"https:\/\/schowek.com.pl\/?s={search_term_string}\"},\"query-input\":{\"@type\":\"PropertyValueSpecification\",\"valueRequired\":true,\"valueName\":\"search_term_string\"}}],\"inLanguage\":\"pl-PL\"},{\"@type\":\"Organization\",\"@id\":\"https:\/\/schowek.com.pl\/#organization\",\"name\":\"www.schowek.com.pl\",\"url\":\"https:\/\/schowek.com.pl\/\",\"logo\":{\"@type\":\"ImageObject\",\"inLanguage\":\"pl-PL\",\"@id\":\"https:\/\/schowek.com.pl\/#\/schema\/logo\/image\/\",\"url\":\"https:\/\/schowek.com.pl\/wp-content\/uploads\/2025\/09\/cropped-IMG-20250912-WA0006.jpg\",\"contentUrl\":\"https:\/\/schowek.com.pl\/wp-content\/uploads\/2025\/09\/cropped-IMG-20250912-WA0006.jpg\",\"width\":1023,\"height\":386,\"caption\":\"www.schowek.com.pl\"},\"image\":{\"@id\":\"https:\/\/schowek.com.pl\/#\/schema\/logo\/image\/\"}}]}<\/script>\n<!-- \/ Yoast SEO plugin. -->","yoast_head_json":{"title":"FAQ - www.schowek.com.pl","description":"Wynajmij miejsce do przechowywania. Powierzchnie magazynowe w \u0141odzi od 2 do 12 metr\u00f3w kwadratowych. Kontenery, magazyny, schowki. \u0141\u00f3d\u017a","robots":{"index":"index","follow":"follow","max-snippet":"max-snippet:-1","max-image-preview":"max-image-preview:large","max-video-preview":"max-video-preview:-1"},"canonical":"https:\/\/schowek.com.pl\/index.php\/faq\/","og_locale":"pl_PL","og_type":"article","og_title":"FAQ - www.schowek.com.pl","og_description":"Wynajmij miejsce do przechowywania. Powierzchnie magazynowe w \u0141odzi od 2 do 12 metr\u00f3w kwadratowych. Kontenery, magazyny, schowki. \u0141\u00f3d\u017a","og_url":"https:\/\/schowek.com.pl\/index.php\/faq\/","og_site_name":"www.schowek.com.pl","article_modified_time":"2025-11-19T20:37:48+00:00","twitter_card":"summary_large_image","twitter_misc":{"Szacowany czas czytania":"2 minuty"},"schema":{"@context":"https:\/\/schema.org","@graph":[{"@type":"WebPage","@id":"https:\/\/schowek.com.pl\/index.php\/faq\/","url":"https:\/\/schowek.com.pl\/index.php\/faq\/","name":"FAQ - www.schowek.com.pl","isPartOf":{"@id":"https:\/\/schowek.com.pl\/#website"},"datePublished":"2025-09-18T19:54:51+00:00","dateModified":"2025-11-19T20:37:48+00:00","description":"Wynajmij miejsce do przechowywania. Powierzchnie magazynowe w \u0141odzi od 2 do 12 metr\u00f3w kwadratowych. Kontenery, magazyny, schowki. \u0141\u00f3d\u017a","breadcrumb":{"@id":"https:\/\/schowek.com.pl\/index.php\/faq\/#breadcrumb"},"inLanguage":"pl-PL","potentialAction":[{"@type":"ReadAction","target":["https:\/\/schowek.com.pl\/index.php\/faq\/"]}]},{"@type":"BreadcrumbList","@id":"https:\/\/schowek.com.pl\/index.php\/faq\/#breadcrumb","itemListElement":[{"@type":"ListItem","position":1,"name":"Strona g\u0142\u00f3wna","item":"https:\/\/schowek.com.pl\/"},{"@type":"ListItem","position":2,"name":"FAQ"}]},{"@type":"WebSite","@id":"https:\/\/schowek.com.pl\/#website","url":"https:\/\/schowek.com.pl\/","name":"www.schowek.com.pl","description":"","publisher":{"@id":"https:\/\/schowek.com.pl\/#organization"},"potentialAction":[{"@type":"SearchAction","target":{"@type":"EntryPoint","urlTemplate":"https:\/\/schowek.com.pl\/?s={search_term_string}"},"query-input":{"@type":"PropertyValueSpecification","valueRequired":true,"valueName":"search_term_string"}}],"inLanguage":"pl-PL"},{"@type":"Organization","@id":"https:\/\/schowek.com.pl\/#organization","name":"www.schowek.com.pl","url":"https:\/\/schowek.com.pl\/","logo":{"@type":"ImageObject","inLanguage":"pl-PL","@id":"https:\/\/schowek.com.pl\/#\/schema\/logo\/image\/","url":"https:\/\/schowek.com.pl\/wp-content\/uploads\/2025\/09\/cropped-IMG-20250912-WA0006.jpg","contentUrl":"https:\/\/schowek.com.pl\/wp-content\/uploads\/2025\/09\/cropped-IMG-20250912-WA0006.jpg","width":1023,"height":386,"caption":"www.schowek.com.pl"},"image":{"@id":"https:\/\/schowek.com.pl\/#\/schema\/logo\/image\/"}}]}},"_links":{"self":[{"href":"https:\/\/schowek.com.pl\/index.php\/wp-json\/wp\/v2\/pages\/93","targetHints":{"allow":["GET"]}}],"collection":[{"href":"https:\/\/schowek.com.pl\/index.php\/wp-json\/wp\/v2\/pages"}],"about":[{"href":"https:\/\/schowek.com.pl\/index.php\/wp-json\/wp\/v2\/types\/page"}],"author":[{"embeddable":true,"href":"https:\/\/schowek.com.pl\/index.php\/wp-json\/wp\/v2\/users\/1"}],"replies":[{"embeddable":true,"href":"https:\/\/schowek.com.pl\/index.php\/wp-json\/wp\/v2\/comments?post=93"}],"version-history":[{"count":4,"href":"https:\/\/schowek.com.pl\/index.php\/wp-json\/wp\/v2\/pages\/93\/revisions"}],"predecessor-version":[{"id":392,"href":"https:\/\/schowek.com.pl\/index.php\/wp-json\/wp\/v2\/pages\/93\/revisions\/392"}],"wp:attachment":[{"href":"https:\/\/schowek.com.pl\/index.php\/wp-json\/wp\/v2\/media?parent=93"}],"curies":[{"name":"wp","href":"https:\/\/api.w.org\/{rel}","templated":true}]}}