{"id":95,"date":"2025-09-18T21:54:51","date_gmt":"2025-09-18T19:54:51","guid":{"rendered":"https:\/\/schowek.com.pl\/?page_id=95"},"modified":"2026-02-17T22:17:48","modified_gmt":"2026-02-17T21:17:48","slug":"kontakt","status":"publish","type":"page","link":"https:\/\/schowek.com.pl\/index.php\/kontakt\/","title":{"rendered":"Kontakt"},"content":{"rendered":"\n<div class=\"wp-block-columns is-layout-flex wp-container-core-columns-is-layout-28f84493 wp-block-columns-is-layout-flex\">\n<div class=\"wp-block-column has-foreground-color has-text-color has-link-color wp-elements-f24d64b5e30815029b0aadebb3305702 is-layout-flow wp-block-column-is-layout-flow\">\n<div class=\"wp-block-group is-vertical is-layout-flex wp-container-core-group-is-layout-fe9cc265 wp-block-group-is-layout-flex\">\n<h3 class=\"wp-block-heading\">Kontakt<\/h3>\n\n\n<div class=\"wp-block-site-logo\"><a href=\"https:\/\/schowek.com.pl\/\" class=\"custom-logo-link\" rel=\"home\"><img loading=\"lazy\" decoding=\"async\" width=\"173\" height=\"65\" src=\"https:\/\/schowek.com.pl\/wp-content\/uploads\/2025\/09\/cropped-IMG-20250912-WA0006.jpg\" class=\"custom-logo\" alt=\"www.schowek.com.pl\" srcset=\"https:\/\/schowek.com.pl\/wp-content\/uploads\/2025\/09\/cropped-IMG-20250912-WA0006.jpg 1023w, https:\/\/schowek.com.pl\/wp-content\/uploads\/2025\/09\/cropped-IMG-20250912-WA0006-300x113.jpg 300w, https:\/\/schowek.com.pl\/wp-content\/uploads\/2025\/09\/cropped-IMG-20250912-WA0006-768x290.jpg 768w\" sizes=\"auto, (max-width: 173px) 100vw, 173px\" \/><\/a><\/div>\n\n\n<div class=\"wp-block-jetpack-contact-info has-link-color wp-elements-07a4a31766369fe2a678dc2fbcaa40e5\">\n\n<div class=\"wp-block-jetpack-email\"><a href=\"mailto:kontakt@schowek.com.pl\">kontakt@schowek.com.pl<\/a><\/div>\n\n\n<div class=\"wp-block-jetpack-phone\"><a href=\"tel:+48519580480\">+48 519 580 480<\/a><\/div>\n\n\n<div class=\"wp-block-jetpack-address\"><div class=\"jetpack-address__address jetpack-address__address1\">FIRMA IMBUS-BIS Marek Przybylak<\/div><div class=\"jetpack-address__address jetpack-address__address2\">ul. Ratajska 3, 91-231 \u0141\u00f3d\u017a<\/div><div class=\"jetpack-address__address jetpack-address__address3\">Nip: 7292618933<\/div><div class=\"jetpack-address__city\">Regon: 381770458<\/div><\/div>\n\n<\/div>\n<\/div>\n\n\n\n<div class=\"wp-block-buttons is-layout-flex wp-block-buttons-is-layout-flex\">\n<div class=\"wp-block-button\"><a class=\"wp-block-button__link wp-element-button\" href=\"https:\/\/www.google.com\/maps\/dir\/?api=1&amp;destination=51.811118,%2019.372400\">Google maps<\/a><\/div>\n<\/div>\n\n\n\n<p class=\"has-primary-color has-text-color has-link-color wp-elements-698ee0b3650697e4359b71d31ffddee0\" style=\"line-height:0.2\">WJAZD NA TEREN<\/p>\n\n\n\n<p class=\"has-primary-color has-text-color has-link-color wp-elements-d246223a3e7826915d6230c83870502d\" style=\"line-height:0.2\">OD ULICY KUJAWSKIEJ !<\/p>\n<\/div>\n\n\n\n<div class=\"wp-block-column is-layout-flow wp-block-column-is-layout-flow\"><style id=\"wpforms-css-vars-568\">\n\t\t\t\t#wpforms-568 {\n\t\t\t\t--wpforms-container-padding: 0px;\n--wpforms-container-border-width: 1px;\n--wpforms-container-border-radius: 3px;\n--wpforms-background-color: rgba(0, 0, 0, 0);\n--wpforms-field-size-input-height: 43px;\n--wpforms-field-size-input-spacing: 15px;\n--wpforms-field-size-font-size: 16px;\n--wpforms-field-size-line-height: 19px;\n--wpforms-field-size-padding-h: 14px;\n--wpforms-field-size-checkbox-size: 16px;\n--wpforms-field-size-sublabel-spacing: 5px;\n--wpforms-field-size-icon-size: 1;\n--wpforms-label-size-font-size: 16px;\n--wpforms-label-size-line-height: 19px;\n--wpforms-label-size-sublabel-font-size: 14px;\n--wpforms-label-size-sublabel-line-height: 17px;\n--wpforms-button-size-font-size: 17px;\n--wpforms-button-size-height: 41px;\n--wpforms-button-size-padding-h: 15px;\n--wpforms-button-size-margin-top: 10px;\n--wpforms-container-shadow-size-box-shadow: none;\n\t\t\t}\n\t\t\t<\/style><div class=\"wpforms-container wpforms-container-full wpforms-render-modern\" id=\"wpforms-568\"><form id=\"wpforms-form-568\" class=\"wpforms-validate wpforms-form wpforms-ajax-form\" data-formid=\"568\" method=\"post\" enctype=\"multipart\/form-data\" action=\"\/index.php\/wp-json\/wp\/v2\/pages\/95\" data-token=\"8cf6fabe6709ab40c85557c4cdd1e2c3\" data-token-time=\"1776805693\"><noscript class=\"wpforms-error-noscript\">Aby wype\u0142ni\u0107 ten formularz, w\u0142\u0105cz obs\u0142ug\u0119 JavaScript w przegl\u0105darce.<\/noscript><div id=\"wpforms-error-noscript\" style=\"display: none;\">Aby wype\u0142ni\u0107 ten formularz, w\u0142\u0105cz obs\u0142ug\u0119 JavaScript w przegl\u0105darce.<\/div><div class=\"wpforms-field-container\"><div id=\"wpforms-568-field_1-container\" class=\"wpforms-field wpforms-field-name\" data-field-id=\"1\"><label class=\"wpforms-field-label\" for=\"wpforms-568-field_1\">Imi\u0119  <span class=\"wpforms-required-label\" aria-hidden=\"true\">*<\/span><\/label><input type=\"text\" id=\"wpforms-568-field_1\" class=\"wpforms-field-medium wpforms-field-required\" name=\"wpforms[fields][1]\" aria-errormessage=\"wpforms-568-field_1-error\" required><\/div>\t\t<div id=\"wpforms-568-field_4-container\"\n\t\t\tclass=\"wpforms-field wpforms-field-text\"\n\t\t\tdata-field-type=\"text\"\n\t\t\tdata-field-id=\"4\"\n\t\t\t>\n\t\t\t<label class=\"wpforms-field-label\" for=\"wpforms-568-field_4\" >lub Adres e-mail<\/label>\n\t\t\t<input type=\"text\" id=\"wpforms-568-field_4\" class=\"wpforms-field-medium\" name=\"wpforms[fields][4]\" >\n\t\t<\/div>\n\t\t<div id=\"wpforms-568-field_2-container\" class=\"wpforms-field wpforms-field-email\" data-field-id=\"2\"><label class=\"wpforms-field-label\" for=\"wpforms-568-field_2\">Adres e-mail <span class=\"wpforms-required-label\" aria-hidden=\"true\">*<\/span><\/label><input type=\"email\" id=\"wpforms-568-field_2\" class=\"wpforms-field-medium wpforms-field-required\" name=\"wpforms[fields][2]\" spellcheck=\"false\" aria-errormessage=\"wpforms-568-field_2-error\" required><\/div><div id=\"wpforms-568-field_3-container\" class=\"wpforms-field wpforms-field-textarea\" data-field-id=\"3\"><label class=\"wpforms-field-label\" for=\"wpforms-568-field_3\">Komentarz lub wiadomo\u015b\u0107<\/label><textarea id=\"wpforms-568-field_3\" class=\"wpforms-field-medium\" name=\"wpforms[fields][3]\" aria-errormessage=\"wpforms-568-field_3-error\" ><\/textarea><\/div><script>\n\t\t\t\t( function() {\n\t\t\t\t\tconst style = document.createElement( 'style' );\n\t\t\t\t\tstyle.appendChild( document.createTextNode( '#wpforms-568-field_4-container { position: absolute !important; overflow: hidden !important; display: inline !important; height: 1px !important; width: 1px !important; z-index: -1000 !important; padding: 0 !important; } #wpforms-568-field_4-container input { visibility: hidden; } #wpforms-conversational-form-page #wpforms-568-field_4-container label { counter-increment: none; }' ) );\n\t\t\t\t\tdocument.head.appendChild( style );\n\t\t\t\t\tdocument.currentScript?.remove();\n\t\t\t\t} )();\n\t\t\t<\/script><\/div><!-- .wpforms-field-container --><div class=\"wpforms-submit-container\" ><input type=\"hidden\" name=\"wpforms[id]\" value=\"568\"><input type=\"hidden\" name=\"page_title\" value=\"\"><input type=\"hidden\" name=\"page_url\" value=\"https:\/\/schowek.com.pl\/index.php\/wp-json\/wp\/v2\/pages\/95\"><input type=\"hidden\" name=\"url_referer\" value=\"\"><button type=\"submit\" name=\"wpforms[submit]\" id=\"wpforms-submit-568\" class=\"wpforms-submit\" data-alt-text=\"Wysy\u0142anie...\" data-submit-text=\"Prze\u015blij\" aria-live=\"assertive\" value=\"wpforms-submit\">Prze\u015blij<\/button><img loading=\"lazy\" decoding=\"async\" src=\"https:\/\/schowek.com.pl\/wp-content\/plugins\/wpforms-lite\/assets\/images\/submit-spin.svg\" class=\"wpforms-submit-spinner\" style=\"display: none;\" width=\"26\" height=\"26\" alt=\"Wczytywanie\"><\/div><\/form><\/div>  <!-- .wpforms-container -->\n<\/div>\n\n\n\n<div class=\"wp-block-column is-layout-flow wp-block-column-is-layout-flow\"><div class='wpgmza_map_wrapper'><div id=\"wpgmza_map_block_1\" class=\"wpgmza_map wpgmza_standalone_map_block wpgmza-auto-center\" style=\"display:block;width:100%;height:400px;overflow:hidden;position:relative;\" data-maps-engine=\"open-layers\" data-build-engine=\"standalone-block\" data-icon=\"https:\/\/schowek.com.pl\/wp-content\/plugins\/wp-go-maps-block\/images\/icon.png\" data-lat=\"51.8108948\" data-lng=\"19.3727545\" data-zoom=\"11\" data-address=\"3, Ratajska, Ba\u0142uty Zachodnie, Kochan\u00f3wka, \u0141\u00f3d\u017a-Ba\u0142uty, \u0141\u00f3d\u017a, wojew\u00f3dztwo \u0142\u00f3dzkie, 91-231, Polska\" data-infowindow-mode=\"click\" ><\/div><\/div><\/div>\n<\/div>\n\n\n\n<p class=\"has-primary-color has-text-color has-link-color wp-elements-f53d0f2000e7e509d3e7c91eff2b425b\"><\/p>\n\n\n\n<p><\/p>\n","protected":false},"excerpt":{"rendered":"<p>Kontakt WJAZD NA TEREN OD ULICY KUJAWSKIEJ !<\/p>\n","protected":false},"author":1,"featured_media":0,"parent":0,"menu_order":0,"comment_status":"closed","ping_status":"closed","template":"","meta":{"_regular_price":[],"currency_symbol":[],"footnotes":""},"class_list":["post-95","page","type-page","status-publish","hentry"],"post_slider_layout_featured_media_urls":{"thumbnail":"","post_slider_layout_landscape_large":"","post_slider_layout_portrait_large":"","post_slider_layout_square_large":"","post_slider_layout_landscape":"","post_slider_layout_portrait":"","post_slider_layout_square":"","full":""},"yoast_head":"<!-- This site is optimized with the Yoast SEO plugin v27.1.1 - https:\/\/yoast.com\/product\/yoast-seo-wordpress\/ -->\n<title>Kontakt - www.schowek.com.pl<\/title>\n<meta name=\"robots\" content=\"index, follow, max-snippet:-1, max-image-preview:large, max-video-preview:-1\" \/>\n<link rel=\"canonical\" href=\"https:\/\/schowek.com.pl\/index.php\/kontakt\/\" \/>\n<meta property=\"og:locale\" content=\"pl_PL\" \/>\n<meta property=\"og:type\" content=\"article\" \/>\n<meta property=\"og:title\" content=\"Kontakt - www.schowek.com.pl\" \/>\n<meta property=\"og:description\" content=\"Kontakt WJAZD NA TEREN OD ULICY KUJAWSKIEJ !\" \/>\n<meta property=\"og:url\" content=\"https:\/\/schowek.com.pl\/index.php\/kontakt\/\" \/>\n<meta property=\"og:site_name\" content=\"www.schowek.com.pl\" \/>\n<meta property=\"article:modified_time\" content=\"2026-02-17T21:17:48+00:00\" \/>\n<meta name=\"twitter:card\" content=\"summary_large_image\" \/>\n<meta name=\"twitter:label1\" content=\"Szacowany czas czytania\" \/>\n\t<meta name=\"twitter:data1\" content=\"1 minuta\" \/>\n<script type=\"application\/ld+json\" class=\"yoast-schema-graph\">{\"@context\":\"https:\/\/schema.org\",\"@graph\":[{\"@type\":\"WebPage\",\"@id\":\"https:\/\/schowek.com.pl\/index.php\/kontakt\/\",\"url\":\"https:\/\/schowek.com.pl\/index.php\/kontakt\/\",\"name\":\"Kontakt - www.schowek.com.pl\",\"isPartOf\":{\"@id\":\"https:\/\/schowek.com.pl\/#website\"},\"datePublished\":\"2025-09-18T19:54:51+00:00\",\"dateModified\":\"2026-02-17T21:17:48+00:00\",\"breadcrumb\":{\"@id\":\"https:\/\/schowek.com.pl\/index.php\/kontakt\/#breadcrumb\"},\"inLanguage\":\"pl-PL\",\"potentialAction\":[{\"@type\":\"ReadAction\",\"target\":[\"https:\/\/schowek.com.pl\/index.php\/kontakt\/\"]}]},{\"@type\":\"BreadcrumbList\",\"@id\":\"https:\/\/schowek.com.pl\/index.php\/kontakt\/#breadcrumb\",\"itemListElement\":[{\"@type\":\"ListItem\",\"position\":1,\"name\":\"Strona g\u0142\u00f3wna\",\"item\":\"https:\/\/schowek.com.pl\/\"},{\"@type\":\"ListItem\",\"position\":2,\"name\":\"Kontakt\"}]},{\"@type\":\"WebSite\",\"@id\":\"https:\/\/schowek.com.pl\/#website\",\"url\":\"https:\/\/schowek.com.pl\/\",\"name\":\"www.schowek.com.pl\",\"description\":\"\",\"publisher\":{\"@id\":\"https:\/\/schowek.com.pl\/#organization\"},\"potentialAction\":[{\"@type\":\"SearchAction\",\"target\":{\"@type\":\"EntryPoint\",\"urlTemplate\":\"https:\/\/schowek.com.pl\/?s={search_term_string}\"},\"query-input\":{\"@type\":\"PropertyValueSpecification\",\"valueRequired\":true,\"valueName\":\"search_term_string\"}}],\"inLanguage\":\"pl-PL\"},{\"@type\":\"Organization\",\"@id\":\"https:\/\/schowek.com.pl\/#organization\",\"name\":\"www.schowek.com.pl\",\"url\":\"https:\/\/schowek.com.pl\/\",\"logo\":{\"@type\":\"ImageObject\",\"inLanguage\":\"pl-PL\",\"@id\":\"https:\/\/schowek.com.pl\/#\/schema\/logo\/image\/\",\"url\":\"https:\/\/schowek.com.pl\/wp-content\/uploads\/2025\/09\/cropped-IMG-20250912-WA0006.jpg\",\"contentUrl\":\"https:\/\/schowek.com.pl\/wp-content\/uploads\/2025\/09\/cropped-IMG-20250912-WA0006.jpg\",\"width\":1023,\"height\":386,\"caption\":\"www.schowek.com.pl\"},\"image\":{\"@id\":\"https:\/\/schowek.com.pl\/#\/schema\/logo\/image\/\"}}]}<\/script>\n<!-- \/ Yoast SEO plugin. -->","yoast_head_json":{"title":"Kontakt - www.schowek.com.pl","robots":{"index":"index","follow":"follow","max-snippet":"max-snippet:-1","max-image-preview":"max-image-preview:large","max-video-preview":"max-video-preview:-1"},"canonical":"https:\/\/schowek.com.pl\/index.php\/kontakt\/","og_locale":"pl_PL","og_type":"article","og_title":"Kontakt - www.schowek.com.pl","og_description":"Kontakt WJAZD NA TEREN OD ULICY KUJAWSKIEJ !","og_url":"https:\/\/schowek.com.pl\/index.php\/kontakt\/","og_site_name":"www.schowek.com.pl","article_modified_time":"2026-02-17T21:17:48+00:00","twitter_card":"summary_large_image","twitter_misc":{"Szacowany czas czytania":"1 minuta"},"schema":{"@context":"https:\/\/schema.org","@graph":[{"@type":"WebPage","@id":"https:\/\/schowek.com.pl\/index.php\/kontakt\/","url":"https:\/\/schowek.com.pl\/index.php\/kontakt\/","name":"Kontakt - www.schowek.com.pl","isPartOf":{"@id":"https:\/\/schowek.com.pl\/#website"},"datePublished":"2025-09-18T19:54:51+00:00","dateModified":"2026-02-17T21:17:48+00:00","breadcrumb":{"@id":"https:\/\/schowek.com.pl\/index.php\/kontakt\/#breadcrumb"},"inLanguage":"pl-PL","potentialAction":[{"@type":"ReadAction","target":["https:\/\/schowek.com.pl\/index.php\/kontakt\/"]}]},{"@type":"BreadcrumbList","@id":"https:\/\/schowek.com.pl\/index.php\/kontakt\/#breadcrumb","itemListElement":[{"@type":"ListItem","position":1,"name":"Strona g\u0142\u00f3wna","item":"https:\/\/schowek.com.pl\/"},{"@type":"ListItem","position":2,"name":"Kontakt"}]},{"@type":"WebSite","@id":"https:\/\/schowek.com.pl\/#website","url":"https:\/\/schowek.com.pl\/","name":"www.schowek.com.pl","description":"","publisher":{"@id":"https:\/\/schowek.com.pl\/#organization"},"potentialAction":[{"@type":"SearchAction","target":{"@type":"EntryPoint","urlTemplate":"https:\/\/schowek.com.pl\/?s={search_term_string}"},"query-input":{"@type":"PropertyValueSpecification","valueRequired":true,"valueName":"search_term_string"}}],"inLanguage":"pl-PL"},{"@type":"Organization","@id":"https:\/\/schowek.com.pl\/#organization","name":"www.schowek.com.pl","url":"https:\/\/schowek.com.pl\/","logo":{"@type":"ImageObject","inLanguage":"pl-PL","@id":"https:\/\/schowek.com.pl\/#\/schema\/logo\/image\/","url":"https:\/\/schowek.com.pl\/wp-content\/uploads\/2025\/09\/cropped-IMG-20250912-WA0006.jpg","contentUrl":"https:\/\/schowek.com.pl\/wp-content\/uploads\/2025\/09\/cropped-IMG-20250912-WA0006.jpg","width":1023,"height":386,"caption":"www.schowek.com.pl"},"image":{"@id":"https:\/\/schowek.com.pl\/#\/schema\/logo\/image\/"}}]}},"_links":{"self":[{"href":"https:\/\/schowek.com.pl\/index.php\/wp-json\/wp\/v2\/pages\/95","targetHints":{"allow":["GET"]}}],"collection":[{"href":"https:\/\/schowek.com.pl\/index.php\/wp-json\/wp\/v2\/pages"}],"about":[{"href":"https:\/\/schowek.com.pl\/index.php\/wp-json\/wp\/v2\/types\/page"}],"author":[{"embeddable":true,"href":"https:\/\/schowek.com.pl\/index.php\/wp-json\/wp\/v2\/users\/1"}],"replies":[{"embeddable":true,"href":"https:\/\/schowek.com.pl\/index.php\/wp-json\/wp\/v2\/comments?post=95"}],"version-history":[{"count":23,"href":"https:\/\/schowek.com.pl\/index.php\/wp-json\/wp\/v2\/pages\/95\/revisions"}],"predecessor-version":[{"id":977,"href":"https:\/\/schowek.com.pl\/index.php\/wp-json\/wp\/v2\/pages\/95\/revisions\/977"}],"wp:attachment":[{"href":"https:\/\/schowek.com.pl\/index.php\/wp-json\/wp\/v2\/media?parent=95"}],"curies":[{"name":"wp","href":"https:\/\/api.w.org\/{rel}","templated":true}]}}