{"id":271,"date":"2025-10-01T19:59:14","date_gmt":"2025-10-01T17:59:14","guid":{"rendered":"http:\/\/schowek.com.pl\/?post_type=product&#038;p=271"},"modified":"2026-03-26T12:00:01","modified_gmt":"2026-03-26T11:00:01","slug":"schowek-2m","status":"publish","type":"product","link":"https:\/\/schowek.com.pl\/index.php\/produkt\/schowek-2m\/","title":{"rendered":"Schowek 2M"},"content":{"rendered":"<p>Najmniejszy schowek w Naszej ofercie. Ma\u0142y schowek o powierzchni 2 metr\u00f3w kwadratowych. Spokojnie pomie\u015bci niechciane rzeczy w domu, b\u0105d\u017a pos\u0142u\u017cy jako zimowa przechowalnia rower\u00f3w czy opon.<\/p>\n","protected":false},"excerpt":{"rendered":"<h4><strong>Powierzchnia: 1,98 m. kw.<\/strong><\/h4>\n","protected":false},"featured_media":156,"template":"","meta":{"_regular_price":[],"currency_symbol":[]},"product_brand":[],"product_cat":[21],"product_tag":[],"class_list":{"0":"post-271","1":"product","2":"type-product","3":"status-publish","4":"has-post-thumbnail","6":"product_cat-bez-kategorii","8":"first","9":"instock","10":"sold-individually","11":"taxable","12":"shipping-taxable","13":"purchasable","14":"product-type-variable"},"post_slider_layout_featured_media_urls":{"thumbnail":["https:\/\/schowek.com.pl\/wp-content\/uploads\/2025\/09\/Kontenery-seria-MB-mozliwos-150x150.gif",150,150,true],"post_slider_layout_landscape_large":["https:\/\/schowek.com.pl\/wp-content\/uploads\/2025\/09\/Kontenery-seria-MB-mozliwos-1200x800.gif",1200,800,true],"post_slider_layout_portrait_large":["https:\/\/schowek.com.pl\/wp-content\/uploads\/2025\/09\/Kontenery-seria-MB-mozliwos-1200x895.gif",1200,895,true],"post_slider_layout_square_large":["https:\/\/schowek.com.pl\/wp-content\/uploads\/2025\/09\/Kontenery-seria-MB-mozliwos-1200x895.gif",1200,895,true],"post_slider_layout_landscape":["https:\/\/schowek.com.pl\/wp-content\/uploads\/2025\/09\/Kontenery-seria-MB-mozliwos-600x400.gif",600,400,true],"post_slider_layout_portrait":["https:\/\/schowek.com.pl\/wp-content\/uploads\/2025\/09\/Kontenery-seria-MB-mozliwos-600x895.gif",600,895,true],"post_slider_layout_square":["https:\/\/schowek.com.pl\/wp-content\/uploads\/2025\/09\/Kontenery-seria-MB-mozliwos-600x600.gif",600,600,true],"full":["https:\/\/schowek.com.pl\/wp-content\/uploads\/2025\/09\/Kontenery-seria-MB-mozliwos.gif",1280,895,false]},"yoast_head":"<!-- This site is optimized with the Yoast SEO plugin v27.1.1 - https:\/\/yoast.com\/product\/yoast-seo-wordpress\/ -->\n<title>Schowek 2M - www.schowek.com.pl<\/title>\n<meta name=\"description\" content=\"Najmniejszy schowek w Naszej ofercie. Ma\u0142y schowek o powierzchni 2 metr\u00f3w kwadratowych. Spokojnie pomie\u015bci niechciane rzeczy w domu, b\u0105d\u017a pos\u0142u\u017cy jako zimowa przechowalnia rower\u00f3w czy opon.\" \/>\n<meta name=\"robots\" content=\"index, follow, max-snippet:-1, max-image-preview:large, max-video-preview:-1\" \/>\n<link rel=\"canonical\" href=\"https:\/\/schowek.com.pl\/index.php\/produkt\/schowek-2m\/\" \/>\n<meta property=\"og:locale\" content=\"pl_PL\" \/>\n<meta property=\"og:type\" content=\"article\" \/>\n<meta property=\"og:title\" content=\"Schowek 2M - www.schowek.com.pl\" \/>\n<meta property=\"og:description\" content=\"Najmniejszy schowek w Naszej ofercie. Ma\u0142y schowek o powierzchni 2 metr\u00f3w kwadratowych. Spokojnie pomie\u015bci niechciane rzeczy w domu, b\u0105d\u017a pos\u0142u\u017cy jako zimowa przechowalnia rower\u00f3w czy opon.\" \/>\n<meta property=\"og:url\" content=\"https:\/\/schowek.com.pl\/index.php\/produkt\/schowek-2m\/\" \/>\n<meta property=\"og:site_name\" content=\"www.schowek.com.pl\" \/>\n<meta property=\"article:modified_time\" content=\"2026-03-26T11:00:01+00:00\" \/>\n<meta property=\"og:image\" content=\"https:\/\/schowek.com.pl\/wp-content\/uploads\/2025\/09\/Kontenery-seria-MB-mozliwos.gif\" \/>\n\t<meta property=\"og:image:width\" content=\"1280\" \/>\n\t<meta property=\"og:image:height\" content=\"895\" \/>\n\t<meta property=\"og:image:type\" content=\"image\/gif\" \/>\n<meta name=\"twitter:card\" content=\"summary_large_image\" \/>\n<meta name=\"twitter:label1\" content=\"Szacowany czas czytania\" \/>\n\t<meta name=\"twitter:data1\" content=\"1 minuta\" \/>\n<script type=\"application\/ld+json\" class=\"yoast-schema-graph\">{\"@context\":\"https:\/\/schema.org\",\"@graph\":[{\"@type\":\"WebPage\",\"@id\":\"https:\/\/schowek.com.pl\/index.php\/produkt\/schowek-2m\/\",\"url\":\"https:\/\/schowek.com.pl\/index.php\/produkt\/schowek-2m\/\",\"name\":\"Schowek 2M - www.schowek.com.pl\",\"isPartOf\":{\"@id\":\"https:\/\/schowek.com.pl\/#website\"},\"primaryImageOfPage\":{\"@id\":\"https:\/\/schowek.com.pl\/index.php\/produkt\/schowek-2m\/#primaryimage\"},\"image\":{\"@id\":\"https:\/\/schowek.com.pl\/index.php\/produkt\/schowek-2m\/#primaryimage\"},\"thumbnailUrl\":\"https:\/\/schowek.com.pl\/wp-content\/uploads\/2025\/09\/Kontenery-seria-MB-mozliwos.gif\",\"datePublished\":\"2025-10-01T17:59:14+00:00\",\"dateModified\":\"2026-03-26T11:00:01+00:00\",\"description\":\"Najmniejszy schowek w Naszej ofercie. Ma\u0142y schowek o powierzchni 2 metr\u00f3w kwadratowych. Spokojnie pomie\u015bci niechciane rzeczy w domu, b\u0105d\u017a pos\u0142u\u017cy jako zimowa przechowalnia rower\u00f3w czy opon.\",\"breadcrumb\":{\"@id\":\"https:\/\/schowek.com.pl\/index.php\/produkt\/schowek-2m\/#breadcrumb\"},\"inLanguage\":\"pl-PL\",\"potentialAction\":[{\"@type\":\"ReadAction\",\"target\":[\"https:\/\/schowek.com.pl\/index.php\/produkt\/schowek-2m\/\"]}]},{\"@type\":\"ImageObject\",\"inLanguage\":\"pl-PL\",\"@id\":\"https:\/\/schowek.com.pl\/index.php\/produkt\/schowek-2m\/#primaryimage\",\"url\":\"https:\/\/schowek.com.pl\/wp-content\/uploads\/2025\/09\/Kontenery-seria-MB-mozliwos.gif\",\"contentUrl\":\"https:\/\/schowek.com.pl\/wp-content\/uploads\/2025\/09\/Kontenery-seria-MB-mozliwos.gif\",\"width\":1280,\"height\":895},{\"@type\":\"BreadcrumbList\",\"@id\":\"https:\/\/schowek.com.pl\/index.php\/produkt\/schowek-2m\/#breadcrumb\",\"itemListElement\":[{\"@type\":\"ListItem\",\"position\":1,\"name\":\"Strona g\u0142\u00f3wna\",\"item\":\"https:\/\/schowek.com.pl\/\"},{\"@type\":\"ListItem\",\"position\":2,\"name\":\"Sklep\",\"item\":\"https:\/\/schowek.com.pl\/index.php\/sklep\/\"},{\"@type\":\"ListItem\",\"position\":3,\"name\":\"Schowek 2M\"}]},{\"@type\":\"WebSite\",\"@id\":\"https:\/\/schowek.com.pl\/#website\",\"url\":\"https:\/\/schowek.com.pl\/\",\"name\":\"www.schowek.com.pl\",\"description\":\"\",\"publisher\":{\"@id\":\"https:\/\/schowek.com.pl\/#organization\"},\"potentialAction\":[{\"@type\":\"SearchAction\",\"target\":{\"@type\":\"EntryPoint\",\"urlTemplate\":\"https:\/\/schowek.com.pl\/?s={search_term_string}\"},\"query-input\":{\"@type\":\"PropertyValueSpecification\",\"valueRequired\":true,\"valueName\":\"search_term_string\"}}],\"inLanguage\":\"pl-PL\"},{\"@type\":\"Organization\",\"@id\":\"https:\/\/schowek.com.pl\/#organization\",\"name\":\"www.schowek.com.pl\",\"url\":\"https:\/\/schowek.com.pl\/\",\"logo\":{\"@type\":\"ImageObject\",\"inLanguage\":\"pl-PL\",\"@id\":\"https:\/\/schowek.com.pl\/#\/schema\/logo\/image\/\",\"url\":\"https:\/\/schowek.com.pl\/wp-content\/uploads\/2025\/09\/cropped-IMG-20250912-WA0006.jpg\",\"contentUrl\":\"https:\/\/schowek.com.pl\/wp-content\/uploads\/2025\/09\/cropped-IMG-20250912-WA0006.jpg\",\"width\":1023,\"height\":386,\"caption\":\"www.schowek.com.pl\"},\"image\":{\"@id\":\"https:\/\/schowek.com.pl\/#\/schema\/logo\/image\/\"}}]}<\/script>\n<!-- \/ Yoast SEO plugin. -->","yoast_head_json":{"title":"Schowek 2M - www.schowek.com.pl","description":"Najmniejszy schowek w Naszej ofercie. Ma\u0142y schowek o powierzchni 2 metr\u00f3w kwadratowych. Spokojnie pomie\u015bci niechciane rzeczy w domu, b\u0105d\u017a pos\u0142u\u017cy jako zimowa przechowalnia rower\u00f3w czy opon.","robots":{"index":"index","follow":"follow","max-snippet":"max-snippet:-1","max-image-preview":"max-image-preview:large","max-video-preview":"max-video-preview:-1"},"canonical":"https:\/\/schowek.com.pl\/index.php\/produkt\/schowek-2m\/","og_locale":"pl_PL","og_type":"article","og_title":"Schowek 2M - www.schowek.com.pl","og_description":"Najmniejszy schowek w Naszej ofercie. Ma\u0142y schowek o powierzchni 2 metr\u00f3w kwadratowych. Spokojnie pomie\u015bci niechciane rzeczy w domu, b\u0105d\u017a pos\u0142u\u017cy jako zimowa przechowalnia rower\u00f3w czy opon.","og_url":"https:\/\/schowek.com.pl\/index.php\/produkt\/schowek-2m\/","og_site_name":"www.schowek.com.pl","article_modified_time":"2026-03-26T11:00:01+00:00","og_image":[{"width":1280,"height":895,"url":"https:\/\/schowek.com.pl\/wp-content\/uploads\/2025\/09\/Kontenery-seria-MB-mozliwos.gif","type":"image\/gif"}],"twitter_card":"summary_large_image","twitter_misc":{"Szacowany czas czytania":"1 minuta"},"schema":{"@context":"https:\/\/schema.org","@graph":[{"@type":"WebPage","@id":"https:\/\/schowek.com.pl\/index.php\/produkt\/schowek-2m\/","url":"https:\/\/schowek.com.pl\/index.php\/produkt\/schowek-2m\/","name":"Schowek 2M - www.schowek.com.pl","isPartOf":{"@id":"https:\/\/schowek.com.pl\/#website"},"primaryImageOfPage":{"@id":"https:\/\/schowek.com.pl\/index.php\/produkt\/schowek-2m\/#primaryimage"},"image":{"@id":"https:\/\/schowek.com.pl\/index.php\/produkt\/schowek-2m\/#primaryimage"},"thumbnailUrl":"https:\/\/schowek.com.pl\/wp-content\/uploads\/2025\/09\/Kontenery-seria-MB-mozliwos.gif","datePublished":"2025-10-01T17:59:14+00:00","dateModified":"2026-03-26T11:00:01+00:00","description":"Najmniejszy schowek w Naszej ofercie. Ma\u0142y schowek o powierzchni 2 metr\u00f3w kwadratowych. Spokojnie pomie\u015bci niechciane rzeczy w domu, b\u0105d\u017a pos\u0142u\u017cy jako zimowa przechowalnia rower\u00f3w czy opon.","breadcrumb":{"@id":"https:\/\/schowek.com.pl\/index.php\/produkt\/schowek-2m\/#breadcrumb"},"inLanguage":"pl-PL","potentialAction":[{"@type":"ReadAction","target":["https:\/\/schowek.com.pl\/index.php\/produkt\/schowek-2m\/"]}]},{"@type":"ImageObject","inLanguage":"pl-PL","@id":"https:\/\/schowek.com.pl\/index.php\/produkt\/schowek-2m\/#primaryimage","url":"https:\/\/schowek.com.pl\/wp-content\/uploads\/2025\/09\/Kontenery-seria-MB-mozliwos.gif","contentUrl":"https:\/\/schowek.com.pl\/wp-content\/uploads\/2025\/09\/Kontenery-seria-MB-mozliwos.gif","width":1280,"height":895},{"@type":"BreadcrumbList","@id":"https:\/\/schowek.com.pl\/index.php\/produkt\/schowek-2m\/#breadcrumb","itemListElement":[{"@type":"ListItem","position":1,"name":"Strona g\u0142\u00f3wna","item":"https:\/\/schowek.com.pl\/"},{"@type":"ListItem","position":2,"name":"Sklep","item":"https:\/\/schowek.com.pl\/index.php\/sklep\/"},{"@type":"ListItem","position":3,"name":"Schowek 2M"}]},{"@type":"WebSite","@id":"https:\/\/schowek.com.pl\/#website","url":"https:\/\/schowek.com.pl\/","name":"www.schowek.com.pl","description":"","publisher":{"@id":"https:\/\/schowek.com.pl\/#organization"},"potentialAction":[{"@type":"SearchAction","target":{"@type":"EntryPoint","urlTemplate":"https:\/\/schowek.com.pl\/?s={search_term_string}"},"query-input":{"@type":"PropertyValueSpecification","valueRequired":true,"valueName":"search_term_string"}}],"inLanguage":"pl-PL"},{"@type":"Organization","@id":"https:\/\/schowek.com.pl\/#organization","name":"www.schowek.com.pl","url":"https:\/\/schowek.com.pl\/","logo":{"@type":"ImageObject","inLanguage":"pl-PL","@id":"https:\/\/schowek.com.pl\/#\/schema\/logo\/image\/","url":"https:\/\/schowek.com.pl\/wp-content\/uploads\/2025\/09\/cropped-IMG-20250912-WA0006.jpg","contentUrl":"https:\/\/schowek.com.pl\/wp-content\/uploads\/2025\/09\/cropped-IMG-20250912-WA0006.jpg","width":1023,"height":386,"caption":"www.schowek.com.pl"},"image":{"@id":"https:\/\/schowek.com.pl\/#\/schema\/logo\/image\/"}}]}},"_links":{"self":[{"href":"https:\/\/schowek.com.pl\/index.php\/wp-json\/wp\/v2\/product\/271","targetHints":{"allow":["GET"]}}],"collection":[{"href":"https:\/\/schowek.com.pl\/index.php\/wp-json\/wp\/v2\/product"}],"about":[{"href":"https:\/\/schowek.com.pl\/index.php\/wp-json\/wp\/v2\/types\/product"}],"wp:featuredmedia":[{"embeddable":true,"href":"https:\/\/schowek.com.pl\/index.php\/wp-json\/wp\/v2\/media\/156"}],"wp:attachment":[{"href":"https:\/\/schowek.com.pl\/index.php\/wp-json\/wp\/v2\/media?parent=271"}],"wp:term":[{"taxonomy":"product_brand","embeddable":true,"href":"https:\/\/schowek.com.pl\/index.php\/wp-json\/wp\/v2\/product_brand?post=271"},{"taxonomy":"product_cat","embeddable":true,"href":"https:\/\/schowek.com.pl\/index.php\/wp-json\/wp\/v2\/product_cat?post=271"},{"taxonomy":"product_tag","embeddable":true,"href":"https:\/\/schowek.com.pl\/index.php\/wp-json\/wp\/v2\/product_tag?post=271"}],"curies":[{"name":"wp","href":"https:\/\/api.w.org\/{rel}","templated":true}]}}