{"id":282,"date":"2025-10-03T11:04:15","date_gmt":"2025-10-03T09:04:15","guid":{"rendered":"http:\/\/schowek.com.pl\/?post_type=product&#038;p=282"},"modified":"2026-01-06T20:20:33","modified_gmt":"2026-01-06T19:20:33","slug":"schowek-6m","status":"publish","type":"product","link":"https:\/\/schowek.com.pl\/index.php\/produkt\/schowek-6m\/","title":{"rendered":"Schowek 6M"},"content":{"rendered":"<p>Schowki serii M w rozmiarze 3 metr\u00f3w to \u015bredniej wielko\u015bci magazyny, kt\u00f3re zyska\u0142y uznanie dzi\u0119ki swojej wszechstronno\u015bci. Doskonale sprawdza si\u0119 jako przestrze\u0144 sk\u0142adowa dla r\u00f3\u017cnorodnych towar\u00f3w oraz jako funkcjonalne pomieszczenie u\u017cytkowe.<\/p>\n","protected":false},"excerpt":{"rendered":"<h4><strong>Powierzchnia: 6,16 m. kw.<\/strong><\/h4>\n","protected":false},"featured_media":133,"template":"","meta":{"_regular_price":[],"currency_symbol":[]},"product_brand":[],"product_cat":[21],"product_tag":[],"class_list":{"0":"post-282","1":"product","2":"type-product","3":"status-publish","4":"has-post-thumbnail","6":"product_cat-bez-kategorii","8":"first","9":"instock","10":"sold-individually","11":"taxable","12":"shipping-taxable","13":"purchasable","14":"product-type-variable"},"post_slider_layout_featured_media_urls":{"thumbnail":["https:\/\/schowek.com.pl\/wp-content\/uploads\/2025\/09\/Kontenery-Seria-M-\u2013-Przestrzen_-Ktorej-Potrzebujesz-1.webp",300,254,false],"post_slider_layout_landscape_large":["https:\/\/schowek.com.pl\/wp-content\/uploads\/2025\/09\/Kontenery-Seria-M-\u2013-Przestrzen_-Ktorej-Potrzebujesz-1.webp",568,480,false],"post_slider_layout_portrait_large":["https:\/\/schowek.com.pl\/wp-content\/uploads\/2025\/09\/Kontenery-Seria-M-\u2013-Przestrzen_-Ktorej-Potrzebujesz-1.webp",568,480,false],"post_slider_layout_square_large":["https:\/\/schowek.com.pl\/wp-content\/uploads\/2025\/09\/Kontenery-Seria-M-\u2013-Przestrzen_-Ktorej-Potrzebujesz-1.webp",568,480,false],"post_slider_layout_landscape":["https:\/\/schowek.com.pl\/wp-content\/uploads\/2025\/09\/Kontenery-Seria-M-\u2013-Przestrzen_-Ktorej-Potrzebujesz-1.webp",473,400,false],"post_slider_layout_portrait":["https:\/\/schowek.com.pl\/wp-content\/uploads\/2025\/09\/Kontenery-Seria-M-\u2013-Przestrzen_-Ktorej-Potrzebujesz-1.webp",568,480,false],"post_slider_layout_square":["https:\/\/schowek.com.pl\/wp-content\/uploads\/2025\/09\/Kontenery-Seria-M-\u2013-Przestrzen_-Ktorej-Potrzebujesz-1.webp",568,480,false],"full":["https:\/\/schowek.com.pl\/wp-content\/uploads\/2025\/09\/Kontenery-Seria-M-\u2013-Przestrzen_-Ktorej-Potrzebujesz-1.webp",568,480,false]},"yoast_head":"<!-- This site is optimized with the Yoast SEO plugin v27.1.1 - https:\/\/yoast.com\/product\/yoast-seo-wordpress\/ -->\n<title>Schowek 6M - www.schowek.com.pl<\/title>\n<meta name=\"description\" content=\"Rozbudowany schowek o d\u0142ugo\u015bci 4,5 metra, kt\u00f3ry oferuje znaczn\u0105 pojemno\u015b\u0107 przy zachowaniu odporno\u015bci na uszkodzenia mechaniczne. Ta wersja sprawdza si\u0119 doskonale jako wielofunkcyjne pomieszczenie \u2013 od magazynu po sk\u0142ad narz\u0119dziowy.\" \/>\n<meta name=\"robots\" content=\"index, follow, max-snippet:-1, max-image-preview:large, max-video-preview:-1\" \/>\n<link rel=\"canonical\" href=\"https:\/\/schowek.com.pl\/index.php\/produkt\/schowek-6m\/\" \/>\n<meta property=\"og:locale\" content=\"pl_PL\" \/>\n<meta property=\"og:type\" content=\"article\" \/>\n<meta property=\"og:title\" content=\"Schowek 6M - www.schowek.com.pl\" \/>\n<meta property=\"og:description\" content=\"Rozbudowany schowek o d\u0142ugo\u015bci 4,5 metra, kt\u00f3ry oferuje znaczn\u0105 pojemno\u015b\u0107 przy zachowaniu odporno\u015bci na uszkodzenia mechaniczne. Ta wersja sprawdza si\u0119 doskonale jako wielofunkcyjne pomieszczenie \u2013 od magazynu po sk\u0142ad narz\u0119dziowy.\" \/>\n<meta property=\"og:url\" content=\"https:\/\/schowek.com.pl\/index.php\/produkt\/schowek-6m\/\" \/>\n<meta property=\"og:site_name\" content=\"www.schowek.com.pl\" \/>\n<meta property=\"article:modified_time\" content=\"2026-01-06T19:20:33+00:00\" \/>\n<meta property=\"og:image\" content=\"https:\/\/schowek.com.pl\/wp-content\/uploads\/2025\/09\/Kontenery-Seria-M-\u2013-Przestrzen_-Ktorej-Potrzebujesz-1.webp\" \/>\n\t<meta property=\"og:image:width\" content=\"568\" \/>\n\t<meta property=\"og:image:height\" content=\"480\" \/>\n\t<meta property=\"og:image:type\" content=\"image\/webp\" \/>\n<meta name=\"twitter:card\" content=\"summary_large_image\" \/>\n<meta name=\"twitter:label1\" content=\"Szacowany czas czytania\" \/>\n\t<meta name=\"twitter:data1\" content=\"1 minuta\" \/>\n<script type=\"application\/ld+json\" class=\"yoast-schema-graph\">{\"@context\":\"https:\/\/schema.org\",\"@graph\":[{\"@type\":\"WebPage\",\"@id\":\"https:\/\/schowek.com.pl\/index.php\/produkt\/schowek-6m\/\",\"url\":\"https:\/\/schowek.com.pl\/index.php\/produkt\/schowek-6m\/\",\"name\":\"Schowek 6M - www.schowek.com.pl\",\"isPartOf\":{\"@id\":\"https:\/\/schowek.com.pl\/#website\"},\"primaryImageOfPage\":{\"@id\":\"https:\/\/schowek.com.pl\/index.php\/produkt\/schowek-6m\/#primaryimage\"},\"image\":{\"@id\":\"https:\/\/schowek.com.pl\/index.php\/produkt\/schowek-6m\/#primaryimage\"},\"thumbnailUrl\":\"https:\/\/schowek.com.pl\/wp-content\/uploads\/2025\/09\/Kontenery-Seria-M-\u2013-Przestrzen_-Ktorej-Potrzebujesz-1.webp\",\"datePublished\":\"2025-10-03T09:04:15+00:00\",\"dateModified\":\"2026-01-06T19:20:33+00:00\",\"description\":\"Rozbudowany schowek o d\u0142ugo\u015bci 4,5 metra, kt\u00f3ry oferuje znaczn\u0105 pojemno\u015b\u0107 przy zachowaniu odporno\u015bci na uszkodzenia mechaniczne. Ta wersja sprawdza si\u0119 doskonale jako wielofunkcyjne pomieszczenie \u2013 od magazynu po sk\u0142ad narz\u0119dziowy.\",\"breadcrumb\":{\"@id\":\"https:\/\/schowek.com.pl\/index.php\/produkt\/schowek-6m\/#breadcrumb\"},\"inLanguage\":\"pl-PL\",\"potentialAction\":[{\"@type\":\"ReadAction\",\"target\":[\"https:\/\/schowek.com.pl\/index.php\/produkt\/schowek-6m\/\"]}]},{\"@type\":\"ImageObject\",\"inLanguage\":\"pl-PL\",\"@id\":\"https:\/\/schowek.com.pl\/index.php\/produkt\/schowek-6m\/#primaryimage\",\"url\":\"https:\/\/schowek.com.pl\/wp-content\/uploads\/2025\/09\/Kontenery-Seria-M-\u2013-Przestrzen_-Ktorej-Potrzebujesz-1.webp\",\"contentUrl\":\"https:\/\/schowek.com.pl\/wp-content\/uploads\/2025\/09\/Kontenery-Seria-M-\u2013-Przestrzen_-Ktorej-Potrzebujesz-1.webp\",\"width\":568,\"height\":480},{\"@type\":\"BreadcrumbList\",\"@id\":\"https:\/\/schowek.com.pl\/index.php\/produkt\/schowek-6m\/#breadcrumb\",\"itemListElement\":[{\"@type\":\"ListItem\",\"position\":1,\"name\":\"Strona g\u0142\u00f3wna\",\"item\":\"https:\/\/schowek.com.pl\/\"},{\"@type\":\"ListItem\",\"position\":2,\"name\":\"Sklep\",\"item\":\"https:\/\/schowek.com.pl\/index.php\/sklep\/\"},{\"@type\":\"ListItem\",\"position\":3,\"name\":\"Schowek 6M\"}]},{\"@type\":\"WebSite\",\"@id\":\"https:\/\/schowek.com.pl\/#website\",\"url\":\"https:\/\/schowek.com.pl\/\",\"name\":\"www.schowek.com.pl\",\"description\":\"\",\"publisher\":{\"@id\":\"https:\/\/schowek.com.pl\/#organization\"},\"potentialAction\":[{\"@type\":\"SearchAction\",\"target\":{\"@type\":\"EntryPoint\",\"urlTemplate\":\"https:\/\/schowek.com.pl\/?s={search_term_string}\"},\"query-input\":{\"@type\":\"PropertyValueSpecification\",\"valueRequired\":true,\"valueName\":\"search_term_string\"}}],\"inLanguage\":\"pl-PL\"},{\"@type\":\"Organization\",\"@id\":\"https:\/\/schowek.com.pl\/#organization\",\"name\":\"www.schowek.com.pl\",\"url\":\"https:\/\/schowek.com.pl\/\",\"logo\":{\"@type\":\"ImageObject\",\"inLanguage\":\"pl-PL\",\"@id\":\"https:\/\/schowek.com.pl\/#\/schema\/logo\/image\/\",\"url\":\"https:\/\/schowek.com.pl\/wp-content\/uploads\/2025\/09\/cropped-IMG-20250912-WA0006.jpg\",\"contentUrl\":\"https:\/\/schowek.com.pl\/wp-content\/uploads\/2025\/09\/cropped-IMG-20250912-WA0006.jpg\",\"width\":1023,\"height\":386,\"caption\":\"www.schowek.com.pl\"},\"image\":{\"@id\":\"https:\/\/schowek.com.pl\/#\/schema\/logo\/image\/\"}}]}<\/script>\n<!-- \/ Yoast SEO plugin. -->","yoast_head_json":{"title":"Schowek 6M - www.schowek.com.pl","description":"Rozbudowany schowek o d\u0142ugo\u015bci 4,5 metra, kt\u00f3ry oferuje znaczn\u0105 pojemno\u015b\u0107 przy zachowaniu odporno\u015bci na uszkodzenia mechaniczne. Ta wersja sprawdza si\u0119 doskonale jako wielofunkcyjne pomieszczenie \u2013 od magazynu po sk\u0142ad narz\u0119dziowy.","robots":{"index":"index","follow":"follow","max-snippet":"max-snippet:-1","max-image-preview":"max-image-preview:large","max-video-preview":"max-video-preview:-1"},"canonical":"https:\/\/schowek.com.pl\/index.php\/produkt\/schowek-6m\/","og_locale":"pl_PL","og_type":"article","og_title":"Schowek 6M - www.schowek.com.pl","og_description":"Rozbudowany schowek o d\u0142ugo\u015bci 4,5 metra, kt\u00f3ry oferuje znaczn\u0105 pojemno\u015b\u0107 przy zachowaniu odporno\u015bci na uszkodzenia mechaniczne. Ta wersja sprawdza si\u0119 doskonale jako wielofunkcyjne pomieszczenie \u2013 od magazynu po sk\u0142ad narz\u0119dziowy.","og_url":"https:\/\/schowek.com.pl\/index.php\/produkt\/schowek-6m\/","og_site_name":"www.schowek.com.pl","article_modified_time":"2026-01-06T19:20:33+00:00","og_image":[{"width":568,"height":480,"url":"https:\/\/schowek.com.pl\/wp-content\/uploads\/2025\/09\/Kontenery-Seria-M-\u2013-Przestrzen_-Ktorej-Potrzebujesz-1.webp","type":"image\/webp"}],"twitter_card":"summary_large_image","twitter_misc":{"Szacowany czas czytania":"1 minuta"},"schema":{"@context":"https:\/\/schema.org","@graph":[{"@type":"WebPage","@id":"https:\/\/schowek.com.pl\/index.php\/produkt\/schowek-6m\/","url":"https:\/\/schowek.com.pl\/index.php\/produkt\/schowek-6m\/","name":"Schowek 6M - www.schowek.com.pl","isPartOf":{"@id":"https:\/\/schowek.com.pl\/#website"},"primaryImageOfPage":{"@id":"https:\/\/schowek.com.pl\/index.php\/produkt\/schowek-6m\/#primaryimage"},"image":{"@id":"https:\/\/schowek.com.pl\/index.php\/produkt\/schowek-6m\/#primaryimage"},"thumbnailUrl":"https:\/\/schowek.com.pl\/wp-content\/uploads\/2025\/09\/Kontenery-Seria-M-\u2013-Przestrzen_-Ktorej-Potrzebujesz-1.webp","datePublished":"2025-10-03T09:04:15+00:00","dateModified":"2026-01-06T19:20:33+00:00","description":"Rozbudowany schowek o d\u0142ugo\u015bci 4,5 metra, kt\u00f3ry oferuje znaczn\u0105 pojemno\u015b\u0107 przy zachowaniu odporno\u015bci na uszkodzenia mechaniczne. Ta wersja sprawdza si\u0119 doskonale jako wielofunkcyjne pomieszczenie \u2013 od magazynu po sk\u0142ad narz\u0119dziowy.","breadcrumb":{"@id":"https:\/\/schowek.com.pl\/index.php\/produkt\/schowek-6m\/#breadcrumb"},"inLanguage":"pl-PL","potentialAction":[{"@type":"ReadAction","target":["https:\/\/schowek.com.pl\/index.php\/produkt\/schowek-6m\/"]}]},{"@type":"ImageObject","inLanguage":"pl-PL","@id":"https:\/\/schowek.com.pl\/index.php\/produkt\/schowek-6m\/#primaryimage","url":"https:\/\/schowek.com.pl\/wp-content\/uploads\/2025\/09\/Kontenery-Seria-M-\u2013-Przestrzen_-Ktorej-Potrzebujesz-1.webp","contentUrl":"https:\/\/schowek.com.pl\/wp-content\/uploads\/2025\/09\/Kontenery-Seria-M-\u2013-Przestrzen_-Ktorej-Potrzebujesz-1.webp","width":568,"height":480},{"@type":"BreadcrumbList","@id":"https:\/\/schowek.com.pl\/index.php\/produkt\/schowek-6m\/#breadcrumb","itemListElement":[{"@type":"ListItem","position":1,"name":"Strona g\u0142\u00f3wna","item":"https:\/\/schowek.com.pl\/"},{"@type":"ListItem","position":2,"name":"Sklep","item":"https:\/\/schowek.com.pl\/index.php\/sklep\/"},{"@type":"ListItem","position":3,"name":"Schowek 6M"}]},{"@type":"WebSite","@id":"https:\/\/schowek.com.pl\/#website","url":"https:\/\/schowek.com.pl\/","name":"www.schowek.com.pl","description":"","publisher":{"@id":"https:\/\/schowek.com.pl\/#organization"},"potentialAction":[{"@type":"SearchAction","target":{"@type":"EntryPoint","urlTemplate":"https:\/\/schowek.com.pl\/?s={search_term_string}"},"query-input":{"@type":"PropertyValueSpecification","valueRequired":true,"valueName":"search_term_string"}}],"inLanguage":"pl-PL"},{"@type":"Organization","@id":"https:\/\/schowek.com.pl\/#organization","name":"www.schowek.com.pl","url":"https:\/\/schowek.com.pl\/","logo":{"@type":"ImageObject","inLanguage":"pl-PL","@id":"https:\/\/schowek.com.pl\/#\/schema\/logo\/image\/","url":"https:\/\/schowek.com.pl\/wp-content\/uploads\/2025\/09\/cropped-IMG-20250912-WA0006.jpg","contentUrl":"https:\/\/schowek.com.pl\/wp-content\/uploads\/2025\/09\/cropped-IMG-20250912-WA0006.jpg","width":1023,"height":386,"caption":"www.schowek.com.pl"},"image":{"@id":"https:\/\/schowek.com.pl\/#\/schema\/logo\/image\/"}}]}},"_links":{"self":[{"href":"https:\/\/schowek.com.pl\/index.php\/wp-json\/wp\/v2\/product\/282","targetHints":{"allow":["GET"]}}],"collection":[{"href":"https:\/\/schowek.com.pl\/index.php\/wp-json\/wp\/v2\/product"}],"about":[{"href":"https:\/\/schowek.com.pl\/index.php\/wp-json\/wp\/v2\/types\/product"}],"wp:featuredmedia":[{"embeddable":true,"href":"https:\/\/schowek.com.pl\/index.php\/wp-json\/wp\/v2\/media\/133"}],"wp:attachment":[{"href":"https:\/\/schowek.com.pl\/index.php\/wp-json\/wp\/v2\/media?parent=282"}],"wp:term":[{"taxonomy":"product_brand","embeddable":true,"href":"https:\/\/schowek.com.pl\/index.php\/wp-json\/wp\/v2\/product_brand?post=282"},{"taxonomy":"product_cat","embeddable":true,"href":"https:\/\/schowek.com.pl\/index.php\/wp-json\/wp\/v2\/product_cat?post=282"},{"taxonomy":"product_tag","embeddable":true,"href":"https:\/\/schowek.com.pl\/index.php\/wp-json\/wp\/v2\/product_tag?post=282"}],"curies":[{"name":"wp","href":"https:\/\/api.w.org\/{rel}","templated":true}]}}